{"id":1536,"date":"2019-01-13T18:54:11","date_gmt":"2019-01-13T16:54:11","guid":{"rendered":"http:\/\/fkrwt.de\/cms\/?page_id=1536"},"modified":"2019-02-13T23:56:04","modified_gmt":"2019-02-13T21:56:04","slug":"erziehungspartnerschaft","status":"publish","type":"page","link":"http:\/\/fkrwt.de\/cms\/die-kita\/erziehungspartnerschaft\/","title":{"rendered":"Erziehungspartnerschaft"},"content":{"rendered":"<p><strong>P\u00e4dagogische Fachkr\u00e4fte \u2013 Eltern<\/strong><\/p>\n<p><u>Erziehungspartnerschaft mit Eltern<\/u><\/p>\n<p>Eine vertrauensvolle und enge Zusammenarbeit mit den Eltern sind Vorraussetzungen daf\u00fcr, dass Kindertageseinrichtungen f\u00fcr die Kinder zu entwicklungsf\u00f6rdernden und anregenden Lern und Erfahrungswelten werden.<\/p>\n<p>Eine gelungene Erziehungspartnerschaft basiert auf gegenseitiger Akzeptanz von Eltern und Erzieher\/innen.<\/p>\n<p>Bei j\u00fcngeren Kindern bedeutet der Besuch einer Einrichtung oftmals die erste Trennung f\u00fcr Eltern und Kind. Deshalb ist ein intensiver Austausch zwischen Erzieher\/innen und Elternhaus besonders wichtig.<\/p>\n<p>&nbsp;<\/p>\n<p><u>Erster Eindruck in die KiTa Arbeit durch<\/u><\/p>\n<ul>\n<li>Tag der offenen T\u00fcr (immer Januar eines Jahres im Rahmen des regul\u00e4ren Betriebs)<\/li>\n<li>Hausf\u00fchrungen (festgelegte Termin au\u00dferhalb der \u00d6ffnungszeit)<\/li>\n<\/ul>\n<p><u>Kommt Ihr Kind zu uns in die Einrichtung dann folgen<\/u><\/p>\n<ul>\n<li>Ein Kennenlernen durch entweder ein Elternabend, ein Besuch in der KiTa und\/oder ein Hausbesuch von uns bei Ihnen zum Ausf\u00fcllen des Aufnahmebogens und der weiteren erforderlichen schriftlichen Unterlagen<\/li>\n<li>Eingew\u00f6hnungsphase (nach dem Berliner Eingew\u00f6hnungsmodell)<\/li>\n<\/ul>\n<p><a href=\"http:\/\/fkrwt.de\/cms\/wp-content\/uploads\/2019\/01\/12345.jpg\"><img loading=\"lazy\" decoding=\"async\" class=\"alignnone size-full wp-image-1540\" src=\"http:\/\/fkrwt.de\/cms\/wp-content\/uploads\/2019\/01\/12345.jpg\" alt=\"\" width=\"271\" height=\"205\" \/><\/a><\/p>\n<p><u>Sind Ihr Kind und Sie gut in unserer Einrichtung angekommen, folgen<\/u><\/p>\n<ul>\n<li>T\u00fcr- und Angelgespr\u00e4che (kurze Weitergabe von wichtigen Informationen)<\/li>\n<li>Gespr\u00e4che bei Bedarf (wenn notwendig nach vorheriger Terminabsprache)<\/li>\n<li>Entwicklungsgespr\u00e4che (1x j\u00e4hrlich an einem Samstag mit Termin)<\/li>\n<li>M\u00f6glichkeit der Hospitation von Ihnen nach vorheriger Absprache<\/li>\n<\/ul>\n<p><u><a href=\"http:\/\/fkrwt.de\/cms\/wp-content\/uploads\/2019\/02\/13.2..jpg\"><img loading=\"lazy\" decoding=\"async\" class=\"alignnone size-full wp-image-1546\" src=\"http:\/\/fkrwt.de\/cms\/wp-content\/uploads\/2019\/02\/13.2..jpg\" alt=\"\" width=\"206\" height=\"277\" \/><\/a><\/u><\/p>\n<p><u>Informationen \u00fcber Aktuelles in der Einrichtung erfahren Sie \u00fcber<\/u><\/p>\n<ul>\n<li>Informationsw\u00e4nde im Flur f\u00fcr alle Eltern (Leitbild, Jahrsplanung, Teamvorstellung, Kinderrechte, Schulkinder, Angebote aus den Familienzentren von Troisdorf, Essensplan und oder aktuelle Themen)<\/li>\n<li>Informationsw\u00e4nde vor den Gruppen f\u00fcr die Eltern der jeweiligen Gruppe (Einkaufsliste, Protokolle vom Rat der Tageseinrichtung und oder aktuelle Themen der Gruppe)<\/li>\n<li>Elternbriefe<\/li>\n<li>Elternabende<\/li>\n<li>Aushang des Monatsr\u00fcckblicks im jeweiligen Gruppenflur<\/li>\n<li>Portfoliomappe Ihres Kindes<\/li>\n<li>Fernseher mit durchlaufenden Bildern<\/li>\n<li>Flyer St\u00e4nder im Foyer mit aktuellen Angeboten aus der n\u00e4heren Umgebung<\/li>\n<\/ul>\n<p><a href=\"http:\/\/fkrwt.de\/cms\/wp-content\/uploads\/2019\/02\/13.2.2019.jpg\"><img loading=\"lazy\" decoding=\"async\" class=\"alignnone size-thumbnail wp-image-1547\" src=\"http:\/\/fkrwt.de\/cms\/wp-content\/uploads\/2019\/02\/13.2.2019-150x150.jpg\" alt=\"\" width=\"150\" height=\"150\" \/><\/a><a href=\"http:\/\/fkrwt.de\/cms\/wp-content\/uploads\/2019\/02\/12345.jpg\"><img loading=\"lazy\" decoding=\"async\" class=\"alignnone size-thumbnail wp-image-1548\" src=\"http:\/\/fkrwt.de\/cms\/wp-content\/uploads\/2019\/02\/12345-150x150.jpg\" alt=\"\" width=\"150\" height=\"150\" \/><\/a><a href=\"http:\/\/fkrwt.de\/cms\/wp-content\/uploads\/2019\/02\/987.jpg\"><img loading=\"lazy\" decoding=\"async\" class=\"alignnone size-thumbnail wp-image-1549\" src=\"http:\/\/fkrwt.de\/cms\/wp-content\/uploads\/2019\/02\/987-150x150.jpg\" alt=\"\" width=\"150\" height=\"150\" \/><\/a><a href=\"http:\/\/fkrwt.de\/cms\/wp-content\/uploads\/2019\/02\/111111.jpg\"><img loading=\"lazy\" decoding=\"async\" class=\"alignnone size-thumbnail wp-image-1550\" src=\"http:\/\/fkrwt.de\/cms\/wp-content\/uploads\/2019\/02\/111111-150x150.jpg\" alt=\"\" width=\"150\" height=\"150\" \/><\/a><\/p>\n<p><u>Austausch mit weiteren Eltern, k\u00f6nnen Sie erhalten durch<\/u><\/p>\n<ul>\n<li>Freies Elternkaffe im Foyer der Einrichtung<\/li>\n<li>Teilnahme am j\u00e4hrlichen Elternabend<\/li>\n<li>Teilnahme am j\u00e4hrlichen KiTa Fest<\/li>\n<\/ul>\n<p><a href=\"http:\/\/fkrwt.de\/cms\/wp-content\/uploads\/2019\/02\/a7b898880cde4b1b9314189d3428a40d.jpg\"><img loading=\"lazy\" decoding=\"async\" class=\"alignnone size-thumbnail wp-image-1551\" src=\"http:\/\/fkrwt.de\/cms\/wp-content\/uploads\/2019\/02\/a7b898880cde4b1b9314189d3428a40d-150x150.jpg\" alt=\"\" width=\"150\" height=\"150\" \/><\/a><\/p>\n<p><u>Aktive Teilnahme am Geschehen der Einrichtung k\u00f6nnen Sie aus\u00fcben im <\/u><\/p>\n<ul>\n<li>Elternbeirat f\u00fcr die jeweilige Gruppe<\/li>\n<li>Rat der Tageseinrichtung f\u00fcr die Kinder der Einrichtung (nur Elternbeiratsmitglieder)<\/li>\n<li>F\u00f6rderverein der Einrichtung<\/li>\n<li>Aktive Teilnahme durch Mithilfe bei Festen und Feiern<\/li>\n<\/ul>\n<p><a href=\"http:\/\/fkrwt.de\/cms\/wp-content\/uploads\/2019\/02\/22222.jpg\"><img loading=\"lazy\" decoding=\"async\" class=\"alignnone size-thumbnail wp-image-1552\" src=\"http:\/\/fkrwt.de\/cms\/wp-content\/uploads\/2019\/02\/22222-150x150.jpg\" alt=\"\" width=\"150\" height=\"150\" \/><\/a><\/p>\n<p>Wir freuen uns \u00fcber eine gute vertrauensvolle Zusammenarbeit mit Ihnen<\/p>\n<p>&nbsp;<\/p>\n","protected":false},"excerpt":{"rendered":"<p>P\u00e4dagogische Fachkr\u00e4fte \u2013 Eltern Erziehungspartnerschaft mit Eltern Eine vertrauensvolle und enge Zusammenarbeit mit den Eltern sind Vorraussetzungen daf\u00fcr, dass Kindertageseinrichtungen f\u00fcr die Kinder zu entwicklungsf\u00f6rdernden und anregenden Lern und Erfahrungswelten werden. Eine gelungene Erziehungspartnerschaft basiert auf gegenseitiger Akzeptanz von Eltern und Erzieher\/innen. Bei j\u00fcngeren Kindern bedeutet der Besuch einer Einrichtung oftmals die erste Trennung f\u00fcr Eltern und Kind. Deshalb ist ein intensiver Austausch zwischen Erzieher\/innen und Elternhaus besonders wichtig. &nbsp; Erster Eindruck in die KiTa Arbeit durch Tag der offenen T\u00fcr (immer Januar eines Jahres im Rahmen des regul\u00e4ren Betriebs) Hausf\u00fchrungen (festgelegte Termin au\u00dferhalb der \u00d6ffnungszeit) Kommt Ihr Kind zu uns in die Einrichtung dann folgen Ein Kennenlernen durch entweder [&hellip;]<\/p>\n","protected":false},"author":5,"featured_media":0,"parent":26,"menu_order":0,"comment_status":"closed","ping_status":"closed","template":"","meta":{"footnotes":""},"_links":{"self":[{"href":"http:\/\/fkrwt.de\/cms\/wp-json\/wp\/v2\/pages\/1536"}],"collection":[{"href":"http:\/\/fkrwt.de\/cms\/wp-json\/wp\/v2\/pages"}],"about":[{"href":"http:\/\/fkrwt.de\/cms\/wp-json\/wp\/v2\/types\/page"}],"author":[{"embeddable":true,"href":"http:\/\/fkrwt.de\/cms\/wp-json\/wp\/v2\/users\/5"}],"replies":[{"embeddable":true,"href":"http:\/\/fkrwt.de\/cms\/wp-json\/wp\/v2\/comments?post=1536"}],"version-history":[{"count":3,"href":"http:\/\/fkrwt.de\/cms\/wp-json\/wp\/v2\/pages\/1536\/revisions"}],"predecessor-version":[{"id":1553,"href":"http:\/\/fkrwt.de\/cms\/wp-json\/wp\/v2\/pages\/1536\/revisions\/1553"}],"up":[{"embeddable":true,"href":"http:\/\/fkrwt.de\/cms\/wp-json\/wp\/v2\/pages\/26"}],"wp:attachment":[{"href":"http:\/\/fkrwt.de\/cms\/wp-json\/wp\/v2\/media?parent=1536"}],"curies":[{"name":"wp","href":"https:\/\/api.w.org\/{rel}","templated":true}]}}