{"id":1566,"date":"2019-02-14T00:26:36","date_gmt":"2019-02-13T22:26:36","guid":{"rendered":"http:\/\/fkrwt.de\/cms\/?page_id=1566"},"modified":"2019-02-14T00:26:36","modified_gmt":"2019-02-13T22:26:36","slug":"uebergang-elternhaus-kita","status":"publish","type":"page","link":"http:\/\/fkrwt.de\/cms\/die-kita\/transitionen\/uebergang-elternhaus-kita\/","title":{"rendered":"\u00dcbergang Elternhaus &#8211;> Kita"},"content":{"rendered":"<h3><span style=\"color: #ffcc00;\"><strong><em>\u201eWenn ich mich beheimatet f\u00fchle, dann bin ich frei.\u201c<\/em><\/strong><\/span><\/h3>\n<p><strong><em>\u00a0<\/em><\/strong>Die Basis f\u00fcr ein gelingendes Miteinander wird mit einer einf\u00fchlsamen Eingew\u00f6hnung gelegt.<\/p>\n<p>Eine gelingende Aufnahme der Kinder ben\u00f6tigt ein differenziertes Wissen des Erziehers \u00fcber den Entwicklungsstand, die Gewohnheiten und Rituale des jeweiligen Kindes.<\/p>\n<p>Bereits im Aufnahmegespr\u00e4ch wird den Eltern die Erzieherin f\u00fcr ihr Kind mitgeteilt. Diese Erzieherin begleitet das Kind in der Aufnahmephase, sie ist Ansprechpartnerin der Eltern und f\u00fchrt auch verantwortlich alle Eltern und Entwicklungsgespr\u00e4che, Portfolio und die Bildungsdokumentation. Um eine individuelle und Kind orientierte Aufnahme zu erm\u00f6glichen, dient uns das Berliner Modell als Orientierungshilfe. Die Eingew\u00f6hnungs-schritte bestimmt das Kind.Der regelm\u00e4\u00dfige Austausch \u00fcber die Entwicklung und Befindlichkeit des Kindes ist f\u00fcr Eltern und Kita, besonders in den ersten Wochen von gro\u00dfer Bedeutung. Wenn sich Eltern gut angenommen f\u00fchlen, gut informiert sind, erlebt auch das Kind diese Sicherheit und hat damit eine gute Grundlage und Vertrauen.<\/p>\n<p>Mit einer Eingew\u00f6hnung auf dieser Grundlage erreichen wir, dass wir in der Beziehung Kinder \/ Eltern \/ Erzieher bald einen normalen Kita -Alltag leben k\u00f6nnen.<\/p>\n","protected":false},"excerpt":{"rendered":"<p>\u201eWenn ich mich beheimatet f\u00fchle, dann bin ich frei.\u201c \u00a0Die Basis f\u00fcr ein gelingendes Miteinander wird mit einer einf\u00fchlsamen Eingew\u00f6hnung gelegt. Eine gelingende Aufnahme der Kinder ben\u00f6tigt ein differenziertes Wissen des Erziehers \u00fcber den Entwicklungsstand, die Gewohnheiten und Rituale des jeweiligen Kindes. Bereits im Aufnahmegespr\u00e4ch wird den Eltern die Erzieherin f\u00fcr ihr Kind mitgeteilt. Diese Erzieherin begleitet das Kind in der Aufnahmephase, sie ist Ansprechpartnerin der Eltern und f\u00fchrt auch verantwortlich alle Eltern und Entwicklungsgespr\u00e4che, Portfolio und die Bildungsdokumentation. Um eine individuelle und Kind orientierte Aufnahme zu erm\u00f6glichen, dient uns das Berliner Modell als Orientierungshilfe. Die Eingew\u00f6hnungs-schritte bestimmt das Kind.Der regelm\u00e4\u00dfige Austausch \u00fcber die Entwicklung und Befindlichkeit des Kindes ist [&hellip;]<\/p>\n","protected":false},"author":5,"featured_media":0,"parent":1563,"menu_order":0,"comment_status":"closed","ping_status":"closed","template":"","meta":{"footnotes":""},"_links":{"self":[{"href":"http:\/\/fkrwt.de\/cms\/wp-json\/wp\/v2\/pages\/1566"}],"collection":[{"href":"http:\/\/fkrwt.de\/cms\/wp-json\/wp\/v2\/pages"}],"about":[{"href":"http:\/\/fkrwt.de\/cms\/wp-json\/wp\/v2\/types\/page"}],"author":[{"embeddable":true,"href":"http:\/\/fkrwt.de\/cms\/wp-json\/wp\/v2\/users\/5"}],"replies":[{"embeddable":true,"href":"http:\/\/fkrwt.de\/cms\/wp-json\/wp\/v2\/comments?post=1566"}],"version-history":[{"count":2,"href":"http:\/\/fkrwt.de\/cms\/wp-json\/wp\/v2\/pages\/1566\/revisions"}],"predecessor-version":[{"id":1568,"href":"http:\/\/fkrwt.de\/cms\/wp-json\/wp\/v2\/pages\/1566\/revisions\/1568"}],"up":[{"embeddable":true,"href":"http:\/\/fkrwt.de\/cms\/wp-json\/wp\/v2\/pages\/1563"}],"wp:attachment":[{"href":"http:\/\/fkrwt.de\/cms\/wp-json\/wp\/v2\/media?parent=1566"}],"curies":[{"name":"wp","href":"https:\/\/api.w.org\/{rel}","templated":true}]}}