{"id":10,"date":"2013-04-22T10:41:43","date_gmt":"2013-04-22T08:41:43","guid":{"rendered":"http:\/\/fkrwt.de\/cms\/?page_id=10"},"modified":"2022-02-01T16:41:15","modified_gmt":"2022-02-01T14:41:15","slug":"satzung","status":"publish","type":"page","link":"https:\/\/fkrwt.de\/cms\/der-forderverein\/satzung\/","title":{"rendered":"Satzung"},"content":{"rendered":"<p>Die Satzung des F\u00f6rdervereins der Kindertagesst\u00e4tte Ravensberger Weg in Troisdorf k\u00f6nnen Sie hier herunterladen.<\/p>\n<p>Download Satzung: <a href=\"http:\/\/fkrwt.de\/cms\/wp-content\/uploads\/2013\/04\/FKRWT-Satzung-i.d.F.v.7.3.13.pdf\">FKRWT-Satzung i.d.F.v.7.3.13<\/a>\u00a0(.PDF)<\/p>\n<p>&nbsp;<\/p>\n","protected":false},"excerpt":{"rendered":"<p>Die Satzung des F\u00f6rdervereins der Kindertagesst\u00e4tte Ravensberger Weg in Troisdorf k\u00f6nnen Sie hier herunterladen. Download Satzung: FKRWT-Satzung i.d.F.v.7.3.13\u00a0(.PDF) &nbsp;<\/p>\n","protected":false},"author":5,"featured_media":0,"parent":9,"menu_order":50,"comment_status":"closed","ping_status":"closed","template":"","meta":{"footnotes":""},"_links":{"self":[{"href":"https:\/\/fkrwt.de\/cms\/wp-json\/wp\/v2\/pages\/10"}],"collection":[{"href":"https:\/\/fkrwt.de\/cms\/wp-json\/wp\/v2\/pages"}],"about":[{"href":"https:\/\/fkrwt.de\/cms\/wp-json\/wp\/v2\/types\/page"}],"author":[{"embeddable":true,"href":"https:\/\/fkrwt.de\/cms\/wp-json\/wp\/v2\/users\/5"}],"replies":[{"embeddable":true,"href":"https:\/\/fkrwt.de\/cms\/wp-json\/wp\/v2\/comments?post=10"}],"version-history":[{"count":1,"href":"https:\/\/fkrwt.de\/cms\/wp-json\/wp\/v2\/pages\/10\/revisions"}],"predecessor-version":[{"id":1640,"href":"https:\/\/fkrwt.de\/cms\/wp-json\/wp\/v2\/pages\/10\/revisions\/1640"}],"up":[{"embeddable":true,"href":"https:\/\/fkrwt.de\/cms\/wp-json\/wp\/v2\/pages\/9"}],"wp:attachment":[{"href":"https:\/\/fkrwt.de\/cms\/wp-json\/wp\/v2\/media?parent=10"}],"curies":[{"name":"wp","href":"https:\/\/api.w.org\/{rel}","templated":true}]}}