{"id":12,"date":"2013-04-22T10:41:57","date_gmt":"2013-04-22T08:41:57","guid":{"rendered":"http:\/\/fkrwt.de\/cms\/?page_id=12"},"modified":"2022-02-01T16:52:23","modified_gmt":"2022-02-01T14:52:23","slug":"vorstand","status":"publish","type":"page","link":"https:\/\/fkrwt.de\/cms\/der-forderverein\/vorstand\/","title":{"rendered":"Der Vorstand"},"content":{"rendered":"<p><a href=\"http:\/\/fkrwt.de\/cms\/wp-content\/uploads\/2022\/02\/neuervorstand.jpg\"><img loading=\"lazy\" decoding=\"async\" class=\"alignnone size-medium wp-image-1648\" src=\"http:\/\/fkrwt.de\/cms\/wp-content\/uploads\/2022\/02\/neuervorstand-300x225.jpg\" alt=\"\" width=\"300\" height=\"225\" srcset=\"https:\/\/fkrwt.de\/cms\/wp-content\/uploads\/2022\/02\/neuervorstand-300x225.jpg 300w, https:\/\/fkrwt.de\/cms\/wp-content\/uploads\/2022\/02\/neuervorstand-768x576.jpg 768w, https:\/\/fkrwt.de\/cms\/wp-content\/uploads\/2022\/02\/neuervorstand-624x468.jpg 624w, https:\/\/fkrwt.de\/cms\/wp-content\/uploads\/2022\/02\/neuervorstand.jpg 1024w\" sizes=\"(max-width: 300px) 100vw, 300px\" \/><\/a><\/p>\n<hr \/>\n<p><strong>Sarah Kambouris<\/strong><br \/>1. Vorsitzender<\/p>\n<p><strong>Meike Illing<\/strong><br \/>2. Vorsitzende<\/p>\n<p><strong>Jana Gaevert<\/strong><br \/>Kassenwartin<\/p>\n<p>Bei Fragen, Anregungen etc. bez\u00fcglich des F\u00f6rdervereins k\u00f6nnen Sie uns gerne ansprechen oder eine E-Mail an uns schicken.<\/p>\n<p>E-Mail: <a href=\"mailto:info@fkrwt.de\">info@fkrwt.de<\/a><\/p>\n<p>Internet: <a href=\"http:\/\/www.fkrwt.de\">www.fkrwt.de<\/a><\/p>\n<p>Post-Adresse<br \/>F\u00f6rderverein Kindertagesst\u00e4tte Ravensberger Weg Troisdorf e.V.<br \/>Ravensberger Weg 10<br \/>53840 Troisdorf<\/p>\n<p>In der Kindertagesst\u00e4tte befindet sich auch ein Briefkasten des F\u00f6rdervereins, in den Sie Anmeldeformulare oder Briefe an den F\u00f6rderverein einwerfen k\u00f6nnen.<\/p>\n\n\n<p><\/p>\n\n\n\n<figure class=\"wp-block-image size-large\"><img loading=\"lazy\" decoding=\"async\" width=\"349\" height=\"262\" src=\"http:\/\/fkrwt.de\/cms\/wp-content\/uploads\/2019\/02\/22222.jpg\" alt=\"\" class=\"wp-image-1552\" srcset=\"https:\/\/fkrwt.de\/cms\/wp-content\/uploads\/2019\/02\/22222.jpg 349w, https:\/\/fkrwt.de\/cms\/wp-content\/uploads\/2019\/02\/22222-300x225.jpg 300w\" sizes=\"(max-width: 349px) 100vw, 349px\" \/><\/figure>\n","protected":false},"excerpt":{"rendered":"<p>Sarah Kambouris1. Vorsitzender Meike Illing2. Vorsitzende Jana GaevertKassenwartin Bei Fragen, Anregungen etc. bez\u00fcglich des F\u00f6rdervereins k\u00f6nnen Sie uns gerne ansprechen oder eine E-Mail an uns schicken. E-Mail: info@fkrwt.de Internet: www.fkrwt.de Post-AdresseF\u00f6rderverein Kindertagesst\u00e4tte Ravensberger Weg Troisdorf e.V.Ravensberger Weg 1053840 Troisdorf In der Kindertagesst\u00e4tte befindet sich auch ein Briefkasten des F\u00f6rdervereins, in den Sie Anmeldeformulare oder Briefe an den F\u00f6rderverein einwerfen k\u00f6nnen.<\/p>\n","protected":false},"author":5,"featured_media":0,"parent":9,"menu_order":20,"comment_status":"closed","ping_status":"closed","template":"","meta":{"footnotes":""},"_links":{"self":[{"href":"https:\/\/fkrwt.de\/cms\/wp-json\/wp\/v2\/pages\/12"}],"collection":[{"href":"https:\/\/fkrwt.de\/cms\/wp-json\/wp\/v2\/pages"}],"about":[{"href":"https:\/\/fkrwt.de\/cms\/wp-json\/wp\/v2\/types\/page"}],"author":[{"embeddable":true,"href":"https:\/\/fkrwt.de\/cms\/wp-json\/wp\/v2\/users\/5"}],"replies":[{"embeddable":true,"href":"https:\/\/fkrwt.de\/cms\/wp-json\/wp\/v2\/comments?post=12"}],"version-history":[{"count":6,"href":"https:\/\/fkrwt.de\/cms\/wp-json\/wp\/v2\/pages\/12\/revisions"}],"predecessor-version":[{"id":1649,"href":"https:\/\/fkrwt.de\/cms\/wp-json\/wp\/v2\/pages\/12\/revisions\/1649"}],"up":[{"embeddable":true,"href":"https:\/\/fkrwt.de\/cms\/wp-json\/wp\/v2\/pages\/9"}],"wp:attachment":[{"href":"https:\/\/fkrwt.de\/cms\/wp-json\/wp\/v2\/media?parent=12"}],"curies":[{"name":"wp","href":"https:\/\/api.w.org\/{rel}","templated":true}]}}