{"id":14,"date":"2013-04-22T10:42:09","date_gmt":"2013-04-22T08:42:09","guid":{"rendered":"http:\/\/fkrwt.de\/cms\/?page_id=14"},"modified":"2022-02-01T16:48:34","modified_gmt":"2022-02-01T14:48:34","slug":"kontakt","status":"publish","type":"page","link":"https:\/\/fkrwt.de\/cms\/der-forderverein\/kontakt\/","title":{"rendered":"Kontakt"},"content":{"rendered":"<p>Bei Fragen, Anregungen etc. bez\u00fcglich des F\u00f6rdervereins k\u00f6nnen Sie uns gerne ansprechen oder eine E-Mail an uns schicken.<\/p>\n<h1>Kontakt F\u00f6rderverein<\/h1>\n<p>F\u00f6rderverein Kindertagesst\u00e4tte Ravensberger Weg Troisdorf e.V.<\/p>\n<h2><strong>Postanschrift:<\/strong><\/h2>\n<p>Ravensberger Weg 10<br \/>\n53840 Troisdorf<\/p>\n<p>In der Kita befindet sich ein Briefkasten des F\u00f6rdervereins, in den Sie Anmeldeformulare oder Briefe an den F\u00f6rderverein einwerfen k\u00f6nnen.<\/p>\n<h2><strong>E-Mail:<\/strong><\/h2>\n<p>Mail: <a href=\"mailto: info@fkrwt.de\">info@fkrwt.de<\/a><br \/>\nInternet: <a href=\"http:\/\/www.fkrwt.de\">http:\/\/www.fkrwt.de<\/a><\/p>\n<h2>Ansprechpartner:<\/h2>\n<p><strong>Sarah Kambouris<\/strong><br \/>\n1. Vorsitzender<\/p>\n<p><strong>Meike Illing<\/strong><br \/>\n2. Vorsitzende<\/p>\n<p><strong>Jana Gaevert<\/strong><br \/>\nKassenwartin<\/p>\n<h2><strong>Kontaktformular:<\/strong><\/h2>\n\n<div class=\"wpcf7 no-js\" id=\"wpcf7-f76-o1\" lang=\"en-US\" dir=\"ltr\">\n<div class=\"screen-reader-response\"><p role=\"status\" aria-live=\"polite\" aria-atomic=\"true\"><\/p> <ul><\/ul><\/div>\n<form action=\"\/cms\/wp-json\/wp\/v2\/pages\/14#wpcf7-f76-o1\" method=\"post\" class=\"wpcf7-form init\" aria-label=\"Contact form\" novalidate=\"novalidate\" data-status=\"init\">\n<div style=\"display: none;\">\n<input type=\"hidden\" name=\"_wpcf7\" value=\"76\" \/>\n<input type=\"hidden\" name=\"_wpcf7_version\" value=\"5.9.3\" \/>\n<input type=\"hidden\" name=\"_wpcf7_locale\" value=\"en_US\" \/>\n<input type=\"hidden\" name=\"_wpcf7_unit_tag\" value=\"wpcf7-f76-o1\" \/>\n<input type=\"hidden\" name=\"_wpcf7_container_post\" value=\"0\" \/>\n<input type=\"hidden\" name=\"_wpcf7_posted_data_hash\" value=\"\" \/>\n<\/div>\n<p>Ihr Name (Pflichtfeld)\n<\/p>\n<p><span class=\"wpcf7-form-control-wrap\" data-name=\"your-name\"><input size=\"40\" class=\"wpcf7-form-control wpcf7-text wpcf7-validates-as-required\" aria-required=\"true\" aria-invalid=\"false\" value=\"\" type=\"text\" name=\"your-name\" \/><\/span>\n<\/p>\n<p>Ihre E-Mail-Adresse (Pflichtfeld)\n<\/p>\n<p><span class=\"wpcf7-form-control-wrap\" data-name=\"your-email\"><input size=\"40\" class=\"wpcf7-form-control wpcf7-email wpcf7-validates-as-required wpcf7-text wpcf7-validates-as-email\" aria-required=\"true\" aria-invalid=\"false\" value=\"\" type=\"email\" name=\"your-email\" \/><\/span>\n<\/p>\n<p>Betreff\n<\/p>\n<p><span class=\"wpcf7-form-control-wrap\" data-name=\"your-subject\"><input size=\"40\" class=\"wpcf7-form-control wpcf7-text\" aria-invalid=\"false\" value=\"\" type=\"text\" name=\"your-subject\" \/><\/span>\n<\/p>\n<p>Ihre Nachricht\n<\/p>\n<p><span class=\"wpcf7-form-control-wrap\" data-name=\"your-message\"><textarea cols=\"40\" rows=\"10\" class=\"wpcf7-form-control wpcf7-textarea\" aria-invalid=\"false\" name=\"your-message\"><\/textarea><\/span>\n<\/p>\n<p><input type=\"hidden\" name=\"_wpcf7_captcha_challenge_captcha-628-spamschutz\" value=\"3281026624\" \/><img loading=\"lazy\" decoding=\"async\" class=\"wpcf7-form-control wpcf7-captchac wpcf7-captcha-captcha-628-spamschutz\" width=\"72\" height=\"24\" alt=\"captcha\" src=\"https:\/\/fkrwt.de\/cms\/wp-content\/uploads\/wpcf7_captcha\/3281026624.png\" \/>\n<\/p>\n<p>Bitte geben Sie den Code ein:\n<\/p>\n<p><span class=\"wpcf7-form-control-wrap\" data-name=\"captcha-628-spamschutz\"><input size=\"40\" class=\"wpcf7-form-control wpcf7-captchar\" autocomplete=\"off\" aria-invalid=\"false\" value=\"\" type=\"text\" name=\"captcha-628-spamschutz\" \/><\/span>\n<\/p>\n<p><input class=\"wpcf7-form-control wpcf7-submit has-spinner\" type=\"submit\" value=\"Senden\" \/>\n<\/p><p style=\"display: none !important;\" class=\"akismet-fields-container\" data-prefix=\"_wpcf7_ak_\"><label>&#916;<textarea name=\"_wpcf7_ak_hp_textarea\" cols=\"45\" rows=\"8\" maxlength=\"100\"><\/textarea><\/label><input type=\"hidden\" id=\"ak_js_1\" name=\"_wpcf7_ak_js\" value=\"232\"\/><script>document.getElementById( \"ak_js_1\" ).setAttribute( \"value\", ( new Date() ).getTime() );<\/script><\/p><div class=\"wpcf7-response-output\" aria-hidden=\"true\"><\/div>\n<\/form>\n<\/div>\n\n<h2>Kontoverbindung:<\/h2>\n<ul>\n<li>Kreissparkasse K\u00f6ln<\/li>\n<li>Kontonummer: 201 6704<\/li>\n<li>BLZ: 370 502 99<\/li>\n<li>IBAN: DE35370502990002016704<\/li>\n<li>BIC: COKSDE33<\/li>\n<\/ul>\n","protected":false},"excerpt":{"rendered":"<p>Bei Fragen, Anregungen etc. bez\u00fcglich des F\u00f6rdervereins k\u00f6nnen Sie uns gerne ansprechen oder eine E-Mail an uns schicken. Kontakt F\u00f6rderverein F\u00f6rderverein Kindertagesst\u00e4tte Ravensberger Weg Troisdorf e.V. Postanschrift: Ravensberger Weg 10 53840 Troisdorf In der Kita befindet sich ein Briefkasten des F\u00f6rdervereins, in den Sie Anmeldeformulare oder Briefe an den F\u00f6rderverein einwerfen k\u00f6nnen. E-Mail: Mail: info@fkrwt.de Internet: http:\/\/www.fkrwt.de Ansprechpartner: Sarah Kambouris 1. Vorsitzender Meike Illing 2. Vorsitzende Jana Gaevert Kassenwartin Kontaktformular: Kontoverbindung: Kreissparkasse K\u00f6ln Kontonummer: 201 6704 BLZ: 370 502 99 IBAN: DE35370502990002016704 BIC: COKSDE33<\/p>\n","protected":false},"author":5,"featured_media":0,"parent":9,"menu_order":60,"comment_status":"closed","ping_status":"closed","template":"","meta":{"footnotes":""},"_links":{"self":[{"href":"https:\/\/fkrwt.de\/cms\/wp-json\/wp\/v2\/pages\/14"}],"collection":[{"href":"https:\/\/fkrwt.de\/cms\/wp-json\/wp\/v2\/pages"}],"about":[{"href":"https:\/\/fkrwt.de\/cms\/wp-json\/wp\/v2\/types\/page"}],"author":[{"embeddable":true,"href":"https:\/\/fkrwt.de\/cms\/wp-json\/wp\/v2\/users\/5"}],"replies":[{"embeddable":true,"href":"https:\/\/fkrwt.de\/cms\/wp-json\/wp\/v2\/comments?post=14"}],"version-history":[{"count":4,"href":"https:\/\/fkrwt.de\/cms\/wp-json\/wp\/v2\/pages\/14\/revisions"}],"predecessor-version":[{"id":1646,"href":"https:\/\/fkrwt.de\/cms\/wp-json\/wp\/v2\/pages\/14\/revisions\/1646"}],"up":[{"embeddable":true,"href":"https:\/\/fkrwt.de\/cms\/wp-json\/wp\/v2\/pages\/9"}],"wp:attachment":[{"href":"https:\/\/fkrwt.de\/cms\/wp-json\/wp\/v2\/media?parent=14"}],"curies":[{"name":"wp","href":"https:\/\/api.w.org\/{rel}","templated":true}]}}