{"id":1502,"date":"2019-01-13T17:09:14","date_gmt":"2019-01-13T15:09:14","guid":{"rendered":"http:\/\/fkrwt.de\/cms\/?page_id=1502"},"modified":"2019-02-14T00:07:08","modified_gmt":"2019-02-13T22:07:08","slug":"schwerpunkte-unserer-arbeit","status":"publish","type":"page","link":"https:\/\/fkrwt.de\/cms\/die-kita\/schwerpunkte-unserer-arbeit\/","title":{"rendered":"Schwerpunkte unserer Arbeit"},"content":{"rendered":"<p>&nbsp;<\/p>\n<p>&nbsp;<\/p>\n<ul>\n<li>\n<h2>Bewegung<\/h2>\n<\/li>\n<li>\n<h2>Entspannung<\/h2>\n<\/li>\n<li>\n<h2>Ern\u00e4hrung<\/h2>\n<\/li>\n<li>\n<h2>K\u00f6rper, Gesundheit und Ern\u00e4hrung<\/h2>\n<\/li>\n<\/ul>\n","protected":false},"excerpt":{"rendered":"<p>&nbsp; &nbsp; Bewegung Entspannung Ern\u00e4hrung K\u00f6rper, Gesundheit und Ern\u00e4hrung<\/p>\n","protected":false},"author":5,"featured_media":0,"parent":26,"menu_order":5,"comment_status":"closed","ping_status":"closed","template":"","meta":{"footnotes":""},"_links":{"self":[{"href":"https:\/\/fkrwt.de\/cms\/wp-json\/wp\/v2\/pages\/1502"}],"collection":[{"href":"https:\/\/fkrwt.de\/cms\/wp-json\/wp\/v2\/pages"}],"about":[{"href":"https:\/\/fkrwt.de\/cms\/wp-json\/wp\/v2\/types\/page"}],"author":[{"embeddable":true,"href":"https:\/\/fkrwt.de\/cms\/wp-json\/wp\/v2\/users\/5"}],"replies":[{"embeddable":true,"href":"https:\/\/fkrwt.de\/cms\/wp-json\/wp\/v2\/comments?post=1502"}],"version-history":[{"count":3,"href":"https:\/\/fkrwt.de\/cms\/wp-json\/wp\/v2\/pages\/1502\/revisions"}],"predecessor-version":[{"id":1555,"href":"https:\/\/fkrwt.de\/cms\/wp-json\/wp\/v2\/pages\/1502\/revisions\/1555"}],"up":[{"embeddable":true,"href":"https:\/\/fkrwt.de\/cms\/wp-json\/wp\/v2\/pages\/26"}],"wp:attachment":[{"href":"https:\/\/fkrwt.de\/cms\/wp-json\/wp\/v2\/media?parent=1502"}],"curies":[{"name":"wp","href":"https:\/\/api.w.org\/{rel}","templated":true}]}}