{"id":1523,"date":"2019-01-13T18:28:39","date_gmt":"2019-01-13T16:28:39","guid":{"rendered":"http:\/\/fkrwt.de\/cms\/?page_id=1523"},"modified":"2019-01-13T18:28:39","modified_gmt":"2019-01-13T16:28:39","slug":"koerper-gesundheit-und-ernaehrung","status":"publish","type":"page","link":"https:\/\/fkrwt.de\/cms\/die-kita\/schwerpunkte-unserer-arbeit\/koerper-gesundheit-und-ernaehrung\/","title":{"rendered":"K\u00f6rper, Gesundheit und Ern\u00e4hrung"},"content":{"rendered":"<h2><span style=\"color: #ff6600;\">Zertifizierung durch den Landessportbund im Mai 2012<\/span><\/h2>\n<p>Gesundheitsvorsorge in der KiTa geschieht in einer Atmosph\u00e4re der Achtung pers\u00f6nlicher Grenzen und der Wertsch\u00e4tzung f\u00fcr die k\u00f6rperliche Unversehrtheit:<\/p>\n<p><strong><span style=\"text-decoration: underline;\">K\u00f6rper &#8211; Ruhe und Bewegung<\/span><\/strong><\/p>\n<p>Das Personal achtet auf einen angemessenen Wechsel von Ruhe und Bewegung. M\u00f6glichst t\u00e4glich gibt es eine bewegungsintensive Spielzeit auf dem Au\u00dfengel\u00e4nde oder in den R\u00e4umen (vor allem bei schlechtem Wetter).<\/p>\n<p>Ruhepausen werden insbesondere nach dem Mittagessen eingehalten. Kinder unter drei Jahren halten t\u00e4glich einen Mittagsschlaf, der sich nach ihren Bed\u00fcrfnissen richtet.<\/p>\n<p><span style=\"text-decoration: underline;\"><strong>Gesundheit &#8211; Krankheiten<\/strong><\/span><\/p>\n<p>Meldepflichtige Krankheiten sind im Infektionsschutzgesetzt \u00a743 geregelt.<\/p>\n<p>Dar\u00fcber hinaus erwarten wir, dass die Kinder die offensichtlich krank sind zu Hause bleiben. Sie brauchen dann Mama oder Papa und nicht eine gro\u00dfe, laute Gruppe um gesund zu werden. N\u00e4chtliches Erbrechen, Durchfall, Fieber oder sonstige Krankheitsanzeichen werden am Folgetag am Besten zu Hause beobachtet.<\/p>\n<p>Erkrankt ein Kind in der KiTa, so muss es umgehend von den Eltern oder einer abholberechtigten Person abgeholt werden. Hierzu ben\u00f6tigen wir immer eine aktuelle Telefonnummer.<\/p>\n<p>In der KiTa werden keine Medikamente ausgegeben &#8211; es sei denn, es liegt eine \u00e4rztliche Bescheinigung \u00fcber die Notwendigkeit vor.<\/p>\n<p>Nach ansteckenden Krankheiten (und L\u00e4usebefall) muss eine \u00e4rztliche Bescheinigung \u00fcber die Genesung vorgelegt werden. (siehe Gesundheitsbelehrung f\u00fcr Eltern der KiTa)<\/p>\n<p><strong><span style=\"text-decoration: underline;\">\u00c4rztliche Untersuchungen<\/span><\/strong><\/p>\n<p>Bei Aufnahme in die KiTa ist ein Nachweis (U- Heft) \u00fcber die Vorsorgeuntersuchungen zu erbringen. Ist das U-Heft nicht oder unvollst\u00e4ndig gef\u00fchrt, muss eine \u00e4rztliche Bescheinigung vor dem 1. KiTa Tag vorliegen. Ebenso einen Nachweis \u00fcber den Impfstatus (Impfausweis oder \u00e4rztliche Bescheinigung dar\u00fcber). Eltern, die ihre Kinder nicht impfen lassen m\u00f6chten, m\u00fcssen von dem 1. KiTa Tag einen Nachweis zur Beratung durch einen Arzt in der Einrichtung vorlegen.<\/p>\n<p>In Zusammenarbeit mit dem Gesundheitsamt wird j\u00e4hrlich eine \u00e4rztliche und zahn\u00e4rztliche Untersuchung durchgef\u00fchrt.<\/p>\n<p><span style=\"text-decoration: underline;\"><strong>Kleidung<\/strong><\/span><\/p>\n<p>Die Eltern sind gebeten, ihrem Kind ausreichend Wechselw\u00e4sche, Regenkleidung und der Temperatur angemessene Kleidung (Zwiebelverfahren) zur Verf\u00fcgung zu stellen.<\/p>\n<p>Die Erzieher f\u00f6rdern und unterst\u00fctzen die Kinder in der Wahrnehmung und Entscheidung f\u00fcr dem Wetter angemessene Kleidung.<\/p>\n<p><strong><span style=\"text-decoration: underline;\">Nichtraucher<\/span>\u00a0\u00a0\u00a0\u00a0\u00a0\u00a0\u00a0\u00a0\u00a0\u00a0\u00a0\u00a0\u00a0\u00a0\u00a0\u00a0\u00a0\u00a0\u00a0\u00a0\u00a0\u00a0\u00a0\u00a0\u00a0\u00a0\u00a0\u00a0\u00a0\u00a0\u00a0\u00a0\u00a0\u00a0\u00a0\u00a0\u00a0\u00a0\u00a0\u00a0\u00a0\u00a0\u00a0\u00a0\u00a0\u00a0\u00a0\u00a0\u00a0\u00a0\u00a0\u00a0\u00a0\u00a0\u00a0\u00a0\u00a0\u00a0\u00a0\u00a0\u00a0\u00a0\u00a0\u00a0\u00a0\u00a0\u00a0\u00a0\u00a0\u00a0\u00a0\u00a0\u00a0\u00a0\u00a0\u00a0\u00a0\u00a0\u00a0\u00a0\u00a0\u00a0\u00a0\u00a0\u00a0\u00a0\u00a0\u00a0\u00a0\u00a0\u00a0\u00a0\u00a0\u00a0\u00a0\u00a0\u00a0\u00a0\u00a0\u00a0\u00a0\u00a0\u00a0\u00a0\u00a0\u00a0\u00a0\u00a0\u00a0\u00a0 <\/strong><\/p>\n<p>Selbstverst\u00e4ndlich wird in der gesamten KiTa und auf dem Au\u00dfengel\u00e4nde nicht geraucht.<\/p>\n<p><span style=\"text-decoration: underline;\"><strong>1.Hilfe<\/strong><\/span><strong>\u00a0\u00a0\u00a0<\/strong><br \/>\nAlle Mitarbeiter nehmen regelm\u00e4\u00dfig an 1.Hilfe- Fortbildungen teil.<\/p>\n<p><span style=\"text-decoration: underline;\"><strong>Hygiene<\/strong><\/span><\/p>\n<p>Die K\u00f6rperhygiene ist uns nat\u00fcrlich beim Wickeln und nach dem Toilettenbesuch besonders wichtig. Die Kinder werden zum richtigen H\u00e4ndewaschen angehalten.\u00a0Nach dem Mittagessen werden die Z\u00e4hne geputzt.<\/p>\n<p><span style=\"text-decoration: underline;\"><strong>Sauberkeitserziehung<\/strong><\/span><\/p>\n<ol>\n<li>Die Eltern erhalten Informationen rund um das Thema durch die Gruppenerzieher\/innen<\/li>\n<li>Sauberkeitserziehung ist in erster Linie Aufgabe der Eltern<\/li>\n<li>Bevor in der KiTa mit der Sauberkeitserziehung gestartet wird, gibt es ein verbindliches Elterngespr\u00e4ch<\/li>\n<li>In der KiTa werden die Kinder durch Motivation und Anerkennung in ihrem nat\u00fcrlichen Bestreben, sauber (also gro\u00df) zu werden, unterst\u00fctzt<\/li>\n<li>Ein Teil der Motivation besteht z.B. in Bilderb\u00fcchern<\/li>\n<li>Sollte das Kind zuhause bereits trocken sein, in der KiTa jedoch noch h\u00e4ufig einn\u00e4ssen oder einkoten, ben\u00f6tigt es hier noch eine H\u00f6schenwindel.<\/li>\n<\/ol>\n<p>&nbsp;<\/p>\n<p>&nbsp;<\/p>\n","protected":false},"excerpt":{"rendered":"<p>Zertifizierung durch den Landessportbund im Mai 2012 Gesundheitsvorsorge in der KiTa geschieht in einer Atmosph\u00e4re der Achtung pers\u00f6nlicher Grenzen und der Wertsch\u00e4tzung f\u00fcr die k\u00f6rperliche Unversehrtheit: K\u00f6rper &#8211; Ruhe und Bewegung Das Personal achtet auf einen angemessenen Wechsel von Ruhe und Bewegung. M\u00f6glichst t\u00e4glich gibt es eine bewegungsintensive Spielzeit auf dem Au\u00dfengel\u00e4nde oder in den R\u00e4umen (vor allem bei schlechtem Wetter). Ruhepausen werden insbesondere nach dem Mittagessen eingehalten. Kinder unter drei Jahren halten t\u00e4glich einen Mittagsschlaf, der sich nach ihren Bed\u00fcrfnissen richtet. Gesundheit &#8211; Krankheiten Meldepflichtige Krankheiten sind im Infektionsschutzgesetzt \u00a743 geregelt. Dar\u00fcber hinaus erwarten wir, dass die Kinder die offensichtlich krank sind zu Hause bleiben. Sie brauchen dann Mama [&hellip;]<\/p>\n","protected":false},"author":5,"featured_media":0,"parent":1502,"menu_order":0,"comment_status":"closed","ping_status":"closed","template":"","meta":{"footnotes":""},"_links":{"self":[{"href":"https:\/\/fkrwt.de\/cms\/wp-json\/wp\/v2\/pages\/1523"}],"collection":[{"href":"https:\/\/fkrwt.de\/cms\/wp-json\/wp\/v2\/pages"}],"about":[{"href":"https:\/\/fkrwt.de\/cms\/wp-json\/wp\/v2\/types\/page"}],"author":[{"embeddable":true,"href":"https:\/\/fkrwt.de\/cms\/wp-json\/wp\/v2\/users\/5"}],"replies":[{"embeddable":true,"href":"https:\/\/fkrwt.de\/cms\/wp-json\/wp\/v2\/comments?post=1523"}],"version-history":[{"count":5,"href":"https:\/\/fkrwt.de\/cms\/wp-json\/wp\/v2\/pages\/1523\/revisions"}],"predecessor-version":[{"id":1528,"href":"https:\/\/fkrwt.de\/cms\/wp-json\/wp\/v2\/pages\/1523\/revisions\/1528"}],"up":[{"embeddable":true,"href":"https:\/\/fkrwt.de\/cms\/wp-json\/wp\/v2\/pages\/1502"}],"wp:attachment":[{"href":"https:\/\/fkrwt.de\/cms\/wp-json\/wp\/v2\/media?parent=1523"}],"curies":[{"name":"wp","href":"https:\/\/api.w.org\/{rel}","templated":true}]}}