{"id":1571,"date":"2019-02-14T00:29:16","date_gmt":"2019-02-13T22:29:16","guid":{"rendered":"http:\/\/fkrwt.de\/cms\/?page_id=1571"},"modified":"2019-02-14T00:29:16","modified_gmt":"2019-02-13T22:29:16","slug":"uebergang-ue3-schule","status":"publish","type":"page","link":"https:\/\/fkrwt.de\/cms\/die-kita\/transitionen\/uebergang-ue3-schule\/","title":{"rendered":"\u00dcbergang \u00dc3 ->Schule"},"content":{"rendered":"<p><span style=\"color: #000000; font-family: Times New Roman; font-size: medium;\">Der \u00dcbergang der Kinder in die Schule ist f\u00fcr Kinder und Eltern sehr wichtig und beginnt lange vor dem eigentlichen Ereignis. Bereits wenn die Kinder vier Jahre alt sind, werden die Eltern von den Schulen zu einem Informationsabend eingeladen. Im Jahr vor dem Schuleintritt werden die Kinder dann langsam auf die Schule vorbereitet. <\/span><\/p>\n<p><span style=\"color: #000000; font-family: Times New Roman; font-size: medium;\">Im Rahmen der engen Zusammenarbeit mit den Grundschulen wird ein harmonischer \u00dcbergang f\u00fcr die Kinder gestaltet. Dazu geh\u00f6rt nicht zuletzt der \u00dcbergabebogen, der zur Anmeldung in der Grundschule vorgelegte werden muss. Dieser wird in einem Entwicklungsgespr\u00e4ch gemeinsam mit Ihnen besprochen. Wird die Bildungsdokumentationen \u00fcber Sie an die Klassenlehrer weitergeleitet, so wird dem Konzept \u201eBildung findet im Team statt\u201c Rechnung getragen. Der Prozess sowie die Einzelnen Methoden werden regelm\u00e4\u00dfig evaluiert und \u00fcberarbeitet. <\/span><\/p>\n<p>&nbsp;<\/p>\n","protected":false},"excerpt":{"rendered":"<p>Der \u00dcbergang der Kinder in die Schule ist f\u00fcr Kinder und Eltern sehr wichtig und beginnt lange vor dem eigentlichen Ereignis. Bereits wenn die Kinder vier Jahre alt sind, werden die Eltern von den Schulen zu einem Informationsabend eingeladen. Im Jahr vor dem Schuleintritt werden die Kinder dann langsam auf die Schule vorbereitet. Im Rahmen der engen Zusammenarbeit mit den Grundschulen wird ein harmonischer \u00dcbergang f\u00fcr die Kinder gestaltet. Dazu geh\u00f6rt nicht zuletzt der \u00dcbergabebogen, der zur Anmeldung in der Grundschule vorgelegte werden muss. Dieser wird in einem Entwicklungsgespr\u00e4ch gemeinsam mit Ihnen besprochen. Wird die Bildungsdokumentationen \u00fcber Sie an die Klassenlehrer weitergeleitet, so wird dem Konzept \u201eBildung findet im Team [&hellip;]<\/p>\n","protected":false},"author":5,"featured_media":0,"parent":1563,"menu_order":0,"comment_status":"closed","ping_status":"closed","template":"","meta":{"footnotes":""},"_links":{"self":[{"href":"https:\/\/fkrwt.de\/cms\/wp-json\/wp\/v2\/pages\/1571"}],"collection":[{"href":"https:\/\/fkrwt.de\/cms\/wp-json\/wp\/v2\/pages"}],"about":[{"href":"https:\/\/fkrwt.de\/cms\/wp-json\/wp\/v2\/types\/page"}],"author":[{"embeddable":true,"href":"https:\/\/fkrwt.de\/cms\/wp-json\/wp\/v2\/users\/5"}],"replies":[{"embeddable":true,"href":"https:\/\/fkrwt.de\/cms\/wp-json\/wp\/v2\/comments?post=1571"}],"version-history":[{"count":1,"href":"https:\/\/fkrwt.de\/cms\/wp-json\/wp\/v2\/pages\/1571\/revisions"}],"predecessor-version":[{"id":1572,"href":"https:\/\/fkrwt.de\/cms\/wp-json\/wp\/v2\/pages\/1571\/revisions\/1572"}],"up":[{"embeddable":true,"href":"https:\/\/fkrwt.de\/cms\/wp-json\/wp\/v2\/pages\/1563"}],"wp:attachment":[{"href":"https:\/\/fkrwt.de\/cms\/wp-json\/wp\/v2\/media?parent=1571"}],"curies":[{"name":"wp","href":"https:\/\/api.w.org\/{rel}","templated":true}]}}