{"id":16,"date":"2013-04-22T10:42:24","date_gmt":"2013-04-22T08:42:24","guid":{"rendered":"http:\/\/fkrwt.de\/cms\/?page_id=16"},"modified":"2022-02-01T16:49:49","modified_gmt":"2022-02-01T14:49:49","slug":"impressum","status":"publish","type":"page","link":"https:\/\/fkrwt.de\/cms\/der-forderverein\/impressum\/","title":{"rendered":"Impressum"},"content":{"rendered":"<h1>Angaben gem\u00e4\u00df \u00a7 5 TMG:<\/h1>\n<p>F\u00f6rderverein Kindertagesst\u00e4tte Ravensberger Weg Troisdorf e. V.<br \/>\nRavensberger Weg 10<br \/>\n53840 Troisdorf<\/p>\n<p>Telefon: 0173\/2637106<br \/>\nE-Mail:\u00a0\u00a0\u00a0<a href=\"mailto:info@fkrwt.de\">info@fkrwt.de<\/a><br \/>\nInternet:\u00a0<a href=\"http:\/\/www.fkrwt.de\">http:\/\/www.fkrwt.de<\/a><\/p>\n<h2>Vertretungsberechtigter Vorstand (Postanschrift siehe oben):<\/h2>\n<p><strong>Sarah Kambouris<\/strong><br \/>\n1. Vorsitzender<\/p>\n<p><strong>Meike Illing<\/strong><br \/>\n2. Vorsitzende<\/p>\n<p><strong>Jana Gaevert<\/strong><br \/>\nKassenwartin<\/p>\n<h2>Registereintrag:<\/h2>\n<p>Registergericht: Amtsgericht Siegburg<br \/>\nRegisternummer: VR 3203<\/p>\n<h2>Verantwortlich f\u00fcr den Inhalt gem\u00e4\u00df \u00a7 55 Abs. 2 RStV:<\/h2>\n<p>Sarah Kambouris<br \/>\nRavensberger Weg 10<br \/>\n53840 Troisdorf<\/p>\n<h1>Haftungsausschluss:<\/h1>\n<p>Obwohl wir alle Anstrengungen unternommen haben, um die Aktualit\u00e4t, Richtigkeit und Vollst\u00e4ndigkeit der bereitgestellten Informationen und Verlinkungen zu gew\u00e4hrleisten, \u00fcbernehmen wir keine Gew\u00e4hr hierf\u00fcr. Jegliche Haftung im Zusammenhang mit der Nutzung dieser Informationen oder Verlinkungen ist ausgeschlossen.<\/p>\n<h1><b>Datenschutz:<\/b><\/h1>\n<p>Wir verpflichten uns als die nach den datenschutzrechtlichen Bestimmungen verantwortliche Stelle, die personenbezogenen Daten und die Privatsph\u00e4re der Besucher unserer Webseite zu sch\u00fctzen und diese vertraulich zu behandeln. Die Erhebung, die Speicherung, die Ver\u00e4nderung, die \u00dcbermittlung, die Sperrung, die L\u00f6schung und die Nutzung Ihrer personenbezogenen Daten geschieht auf Grundlage der geltenden gesetzlichen Bestimmungen, insbesondere des Bundesdatenschutzgesetztes und des Telemediengesetzes.<br \/>\nEs werden nur die von Ihnen mitgeteilten pers\u00f6nlichen Daten erhoben. Die von Ihnen \u00fcbermittelten Daten werden ausschlie\u00dflich zur Beantwortung Ihrer Anfragen erhoben, verarbeitet und genutzt.<\/p>\n<p>Wir geben Ihre personenbezogenen Daten nicht ohne Ihre jederzeit widerrufliche und ausdr\u00fcckliche Einwilligung an Dritte weiter.<br \/>\nSie haben ein jederzeitiges Recht auf kostenlose Auskunft, L\u00f6schung, Berichtigung oder Sperrung Ihrer gespeicherten Daten. Wenden Sie sich in diesem Falle bitte \u00fcber die E-Mailadresse info@fkrwt.de oder Post an uns.<\/p>\n","protected":false},"excerpt":{"rendered":"<p>Angaben gem\u00e4\u00df \u00a7 5 TMG: F\u00f6rderverein Kindertagesst\u00e4tte Ravensberger Weg Troisdorf e. V. Ravensberger Weg 10 53840 Troisdorf Telefon: 0173\/2637106 E-Mail:\u00a0\u00a0\u00a0info@fkrwt.de Internet:\u00a0http:\/\/www.fkrwt.de Vertretungsberechtigter Vorstand (Postanschrift siehe oben): Sarah Kambouris 1. Vorsitzender Meike Illing 2. Vorsitzende Jana Gaevert Kassenwartin Registereintrag: Registergericht: Amtsgericht Siegburg Registernummer: VR 3203 Verantwortlich f\u00fcr den Inhalt gem\u00e4\u00df \u00a7 55 Abs. 2 RStV: Sarah Kambouris Ravensberger Weg 10 53840 Troisdorf Haftungsausschluss: Obwohl wir alle Anstrengungen unternommen haben, um die Aktualit\u00e4t, Richtigkeit und Vollst\u00e4ndigkeit der bereitgestellten Informationen und Verlinkungen zu gew\u00e4hrleisten, \u00fcbernehmen wir keine Gew\u00e4hr hierf\u00fcr. Jegliche Haftung im Zusammenhang mit der Nutzung dieser Informationen oder Verlinkungen ist ausgeschlossen. Datenschutz: Wir verpflichten uns als die nach den datenschutzrechtlichen Bestimmungen verantwortliche [&hellip;]<\/p>\n","protected":false},"author":5,"featured_media":0,"parent":9,"menu_order":70,"comment_status":"closed","ping_status":"closed","template":"","meta":{"footnotes":""},"_links":{"self":[{"href":"https:\/\/fkrwt.de\/cms\/wp-json\/wp\/v2\/pages\/16"}],"collection":[{"href":"https:\/\/fkrwt.de\/cms\/wp-json\/wp\/v2\/pages"}],"about":[{"href":"https:\/\/fkrwt.de\/cms\/wp-json\/wp\/v2\/types\/page"}],"author":[{"embeddable":true,"href":"https:\/\/fkrwt.de\/cms\/wp-json\/wp\/v2\/users\/5"}],"replies":[{"embeddable":true,"href":"https:\/\/fkrwt.de\/cms\/wp-json\/wp\/v2\/comments?post=16"}],"version-history":[{"count":2,"href":"https:\/\/fkrwt.de\/cms\/wp-json\/wp\/v2\/pages\/16\/revisions"}],"predecessor-version":[{"id":1647,"href":"https:\/\/fkrwt.de\/cms\/wp-json\/wp\/v2\/pages\/16\/revisions\/1647"}],"up":[{"embeddable":true,"href":"https:\/\/fkrwt.de\/cms\/wp-json\/wp\/v2\/pages\/9"}],"wp:attachment":[{"href":"https:\/\/fkrwt.de\/cms\/wp-json\/wp\/v2\/media?parent=16"}],"curies":[{"name":"wp","href":"https:\/\/api.w.org\/{rel}","templated":true}]}}