{"id":20,"date":"2013-04-22T10:42:55","date_gmt":"2013-04-22T08:42:55","guid":{"rendered":"http:\/\/fkrwt.de\/cms\/?page_id=20"},"modified":"2024-04-16T12:47:45","modified_gmt":"2024-04-16T10:47:45","slug":"spenden","status":"publish","type":"page","link":"https:\/\/fkrwt.de\/cms\/der-forderverein\/spenden\/","title":{"rendered":"Spenden &#038; Unterst\u00fctzen"},"content":{"rendered":"<p>Als gemeinn\u00fctziger Verein sind wir auf Zuwendungen f\u00fcr unsere <a title=\"Projekte\" href=\"http:\/\/fkrwt.de\/cms\/der-forderverein\/projekte\/\">Projekte<\/a> angewiesen.<\/p>\n<p>Es gibt viele M\u00f6glichkeiten, unseren F\u00f6rderverein in seiner Arbeit zu unterst\u00fctzen.<\/p>\n<p>Sie k\u00f6nnen <b>Mitglied<\/b> in unserem F\u00f6rderverein werden und durch Ihr pers\u00f6nliches Engagement sowie den j\u00e4hrlichen Mitgliedsbeitrag in H\u00f6he von derzeit 12,00 \u20ac mithelfen.<\/p>\n<p>Dazu f\u00fcllen Sie den <a title=\"Mitglied werden\" href=\"http:\/\/fkrwt.de\/cms\/der-forderverein\/mitglied-werden\/\">Aufnahmeantrag aus<\/a> und werfen diesen in den Briefkasten des F\u00f6rdervereins in der Kindertagesst\u00e4tte ein oder senden Sie ihn direkt an den <a title=\"Kontakt\" href=\"http:\/\/fkrwt.de\/cms\/die-kita\/kontakt\/\">F\u00f6rderverein<\/a>.<\/p>\n<p>Ferner k\u00f6nnen Sie den F\u00f6rderverein \u2013 auch ohne Mitglied zu sein &#8211; durch <b>Spenden<\/b> (Geld- oder Sachspenden) unterst\u00fctzen.<\/p>\n<p>Einmalige oder regelm\u00e4\u00dfige Geldspenden \u00fcber\u00adweisen Sie bitte auf folgendes Konto:<\/p>\n<p><b>F\u00f6rderverein Kindertagesst\u00e4tte Ravensberger Weg Troisdorf e.V.<\/b><\/p>\n<ul>\n<li><b>Kreissparkasse K\u00f6ln\u00a0 <\/b><\/li>\n<li><strong>BIC: COKSDE33 <\/strong><\/li>\n<li><strong>IBAN: DE35370502990002016704<\/strong><\/li>\n<\/ul>\n<p>Bei Zuwendungen \u00fcber 200,00 \u20ac oder auf Wunsch auch bei kleineren Betr\u00e4gen erhalten Sie nat\u00fcrlich eine entsprechende Spendenbescheinigung. Geben Sie hierf\u00fcr Ihre vollst\u00e4ndige Adresse im Verwendungszweck an.<\/p>\n<p>Wenn Sie uns durch <b>Sachspenden<\/b> unterst\u00fctzen m\u00f6chten, wenden Sie sich bitte an den Vorstand des <a title=\"Kontakt\" href=\"http:\/\/fkrwt.de\/cms\/die-kita\/kontakt\/\">F\u00f6rdervereins <\/a>oder die Leitung der Kindertagesst\u00e4tte.<\/p>\n<h2>Steuerliche Hinweise:<\/h2>\n<p>Unser F\u00f6rderverein ist vom Finanzamt Siegburg als gemeinn\u00fctziger Verein anerkannt. Wenn Sie uns durch Zuwendungen (Spenden) unterst\u00fctzen, stellen wir Ihnen gerne eine entsprechende Zuwendungsbest\u00e4tigung (Spendenquittung) aus.<\/p>\n<p>Da den Finanzbeh\u00f6rden bis zu einer Spendensumme von 200,00 Euro pro Einzelspende ein <strong>\u201cvereinfachter Spendennachweis\u201d gen\u00fcgt, stellen wir bei Spenden unter 200,00 \u20ac eine Spendenbescheinigung nur auf Wunsch aus. <\/strong><\/p>\n<p>Bei Zuwendungen bis zu einer H\u00f6he von 200,00 Euro gilt die Kopie des \u00dcberweisungstr\u00e4gers oder Einzahlungsbelegs als Spendennachweis f\u00fcr das Finanzamt. Allerdings muss der steuerbeg\u00fcnstigte Zweck sowie die Angaben \u00fcber die Anerkennung als gemeinn\u00fctzige K\u00f6rperschaft auf dem Nachweis angegeben sein.<\/p>\n","protected":false},"excerpt":{"rendered":"<p>Als gemeinn\u00fctziger Verein sind wir auf Zuwendungen f\u00fcr unsere Projekte angewiesen. Es gibt viele M\u00f6glichkeiten, unseren F\u00f6rderverein in seiner Arbeit zu unterst\u00fctzen. Sie k\u00f6nnen Mitglied in unserem F\u00f6rderverein werden und durch Ihr pers\u00f6nliches Engagement sowie den j\u00e4hrlichen Mitgliedsbeitrag in H\u00f6he von derzeit 12,00 \u20ac mithelfen. Dazu f\u00fcllen Sie den Aufnahmeantrag aus und werfen diesen in den Briefkasten des F\u00f6rdervereins in der Kindertagesst\u00e4tte ein oder senden Sie ihn direkt an den F\u00f6rderverein. Ferner k\u00f6nnen Sie den F\u00f6rderverein \u2013 auch ohne Mitglied zu sein &#8211; durch Spenden (Geld- oder Sachspenden) unterst\u00fctzen. Einmalige oder regelm\u00e4\u00dfige Geldspenden \u00fcber\u00adweisen Sie bitte auf folgendes Konto: F\u00f6rderverein Kindertagesst\u00e4tte Ravensberger Weg Troisdorf e.V. Kreissparkasse K\u00f6ln\u00a0 BIC: COKSDE33 IBAN: [&hellip;]<\/p>\n","protected":false},"author":5,"featured_media":0,"parent":9,"menu_order":30,"comment_status":"closed","ping_status":"closed","template":"","meta":{"footnotes":""},"_links":{"self":[{"href":"https:\/\/fkrwt.de\/cms\/wp-json\/wp\/v2\/pages\/20"}],"collection":[{"href":"https:\/\/fkrwt.de\/cms\/wp-json\/wp\/v2\/pages"}],"about":[{"href":"https:\/\/fkrwt.de\/cms\/wp-json\/wp\/v2\/types\/page"}],"author":[{"embeddable":true,"href":"https:\/\/fkrwt.de\/cms\/wp-json\/wp\/v2\/users\/5"}],"replies":[{"embeddable":true,"href":"https:\/\/fkrwt.de\/cms\/wp-json\/wp\/v2\/comments?post=20"}],"version-history":[{"count":5,"href":"https:\/\/fkrwt.de\/cms\/wp-json\/wp\/v2\/pages\/20\/revisions"}],"predecessor-version":[{"id":1667,"href":"https:\/\/fkrwt.de\/cms\/wp-json\/wp\/v2\/pages\/20\/revisions\/1667"}],"up":[{"embeddable":true,"href":"https:\/\/fkrwt.de\/cms\/wp-json\/wp\/v2\/pages\/9"}],"wp:attachment":[{"href":"https:\/\/fkrwt.de\/cms\/wp-json\/wp\/v2\/media?parent=20"}],"curies":[{"name":"wp","href":"https:\/\/api.w.org\/{rel}","templated":true}]}}